{"id":96,"date":"2019-06-19T13:02:55","date_gmt":"2019-06-19T12:02:55","guid":{"rendered":"http:\/\/www.nefistav.sk\/?page_id=96"},"modified":"2021-11-23T08:48:36","modified_gmt":"2021-11-23T07:48:36","slug":"vozovy-park","status":"publish","type":"page","link":"https:\/\/www.nefistav.sk\/?page_id=96","title":{"rendered":"Vozov\u00fd park"},"content":{"rendered":"\n<figure class=\"wp-block-gallery columns-1 wp-block-gallery-1 is-layout-flex wp-block-gallery-is-layout-flex\"><ul class=\"blocks-gallery-grid\"><li class=\"blocks-gallery-item\"><figure><img loading=\"lazy\" decoding=\"async\" width=\"1024\" height=\"768\" src=\"http:\/\/www.nefistav.sk\/wp-content\/uploads\/2019\/06\/IMG_20190616_083831-1024x768.jpg\" alt=\"\" data-id=\"97\" data-link=\"http:\/\/www.nefistav.sk\/?attachment_id=97\" class=\"wp-image-97\" srcset=\"https:\/\/www.nefistav.sk\/wp-content\/uploads\/2019\/06\/IMG_20190616_083831-1024x768.jpg 1024w, https:\/\/www.nefistav.sk\/wp-content\/uploads\/2019\/06\/IMG_20190616_083831-300x225.jpg 300w, https:\/\/www.nefistav.sk\/wp-content\/uploads\/2019\/06\/IMG_20190616_083831-768x576.jpg 768w, https:\/\/www.nefistav.sk\/wp-content\/uploads\/2019\/06\/IMG_20190616_083831.jpg 1280w\" sizes=\"auto, (max-width: 706px) 89vw, (max-width: 767px) 82vw, 740px\" \/><\/figure><\/li><li class=\"blocks-gallery-item\"><figure><img loading=\"lazy\" decoding=\"async\" width=\"1024\" height=\"768\" src=\"http:\/\/www.nefistav.sk\/wp-content\/uploads\/2019\/06\/IMG_20190616_084746-1024x768.jpg\" alt=\"\" data-id=\"99\" data-link=\"http:\/\/www.nefistav.sk\/?attachment_id=99\" class=\"wp-image-99\" srcset=\"https:\/\/www.nefistav.sk\/wp-content\/uploads\/2019\/06\/IMG_20190616_084746-1024x768.jpg 1024w, https:\/\/www.nefistav.sk\/wp-content\/uploads\/2019\/06\/IMG_20190616_084746-300x225.jpg 300w, https:\/\/www.nefistav.sk\/wp-content\/uploads\/2019\/06\/IMG_20190616_084746-768x576.jpg 768w, https:\/\/www.nefistav.sk\/wp-content\/uploads\/2019\/06\/IMG_20190616_084746.jpg 1280w\" sizes=\"auto, (max-width: 706px) 89vw, (max-width: 767px) 82vw, 740px\" \/><\/figure><\/li><li class=\"blocks-gallery-item\"><figure><img loading=\"lazy\" decoding=\"async\" width=\"1024\" height=\"768\" src=\"http:\/\/www.nefistav.sk\/wp-content\/uploads\/2019\/06\/IMG_20190616_085112-1024x768.jpg\" alt=\"\" data-id=\"100\" data-link=\"http:\/\/www.nefistav.sk\/?attachment_id=100\" class=\"wp-image-100\" srcset=\"https:\/\/www.nefistav.sk\/wp-content\/uploads\/2019\/06\/IMG_20190616_085112-1024x768.jpg 1024w, https:\/\/www.nefistav.sk\/wp-content\/uploads\/2019\/06\/IMG_20190616_085112-300x225.jpg 300w, https:\/\/www.nefistav.sk\/wp-content\/uploads\/2019\/06\/IMG_20190616_085112-768x576.jpg 768w, https:\/\/www.nefistav.sk\/wp-content\/uploads\/2019\/06\/IMG_20190616_085112.jpg 1280w\" sizes=\"auto, (max-width: 706px) 89vw, (max-width: 767px) 82vw, 740px\" \/><\/figure><\/li><\/ul><\/figure>\n","protected":false},"excerpt":{"rendered":"","protected":false},"author":1,"featured_media":0,"parent":0,"menu_order":0,"comment_status":"closed","ping_status":"closed","template":"","meta":{"footnotes":""},"class_list":["post-96","page","type-page","status-publish","hentry"],"yoast_head":"<!-- This site is optimized with the Yoast SEO plugin v26.8 - https:\/\/yoast.com\/product\/yoast-seo-wordpress\/ -->\n<title>Vozov\u00fd park -<\/title>\n<meta name=\"robots\" content=\"index, follow, max-snippet:-1, max-image-preview:large, max-video-preview:-1\" \/>\n<link rel=\"canonical\" href=\"https:\/\/www.nefistav.sk\/?page_id=96\" \/>\n<meta property=\"og:locale\" content=\"sk_SK\" \/>\n<meta property=\"og:type\" content=\"article\" \/>\n<meta property=\"og:title\" content=\"Vozov\u00fd park -\" \/>\n<meta property=\"og:url\" content=\"https:\/\/www.nefistav.sk\/?page_id=96\" \/>\n<meta property=\"article:modified_time\" content=\"2021-11-23T07:48:36+00:00\" \/>\n<meta property=\"og:image\" content=\"http:\/\/www.nefistav.sk\/wp-content\/uploads\/2019\/06\/IMG_20190616_083831-1024x768.jpg\" \/>\n<meta name=\"twitter:card\" content=\"summary_large_image\" \/>\n<meta name=\"twitter:label1\" content=\"Predpokladan\u00fd \u010das \u010d\u00edtania\" \/>\n\t<meta name=\"twitter:data1\" content=\"1 min\u00fata\" \/>\n<script type=\"application\/ld+json\" class=\"yoast-schema-graph\">{\"@context\":\"https:\/\/schema.org\",\"@graph\":[{\"@type\":\"WebPage\",\"@id\":\"https:\/\/www.nefistav.sk\/?page_id=96\",\"url\":\"https:\/\/www.nefistav.sk\/?page_id=96\",\"name\":\"Vozov\u00fd park -\",\"isPartOf\":{\"@id\":\"https:\/\/www.nefistav.sk\/#website\"},\"primaryImageOfPage\":{\"@id\":\"https:\/\/www.nefistav.sk\/?page_id=96#primaryimage\"},\"image\":{\"@id\":\"https:\/\/www.nefistav.sk\/?page_id=96#primaryimage\"},\"thumbnailUrl\":\"http:\/\/www.nefistav.sk\/wp-content\/uploads\/2019\/06\/IMG_20190616_083831-1024x768.jpg\",\"datePublished\":\"2019-06-19T12:02:55+00:00\",\"dateModified\":\"2021-11-23T07:48:36+00:00\",\"breadcrumb\":{\"@id\":\"https:\/\/www.nefistav.sk\/?page_id=96#breadcrumb\"},\"inLanguage\":\"sk-SK\",\"potentialAction\":[{\"@type\":\"ReadAction\",\"target\":[\"https:\/\/www.nefistav.sk\/?page_id=96\"]}]},{\"@type\":\"ImageObject\",\"inLanguage\":\"sk-SK\",\"@id\":\"https:\/\/www.nefistav.sk\/?page_id=96#primaryimage\",\"url\":\"https:\/\/www.nefistav.sk\/wp-content\/uploads\/2019\/06\/IMG_20190616_083831.jpg\",\"contentUrl\":\"https:\/\/www.nefistav.sk\/wp-content\/uploads\/2019\/06\/IMG_20190616_083831.jpg\",\"width\":1280,\"height\":960},{\"@type\":\"BreadcrumbList\",\"@id\":\"https:\/\/www.nefistav.sk\/?page_id=96#breadcrumb\",\"itemListElement\":[{\"@type\":\"ListItem\",\"position\":1,\"name\":\"Home\",\"item\":\"https:\/\/www.nefistav.sk\/\"},{\"@type\":\"ListItem\",\"position\":2,\"name\":\"Vozov\u00fd park\"}]},{\"@type\":\"WebSite\",\"@id\":\"https:\/\/www.nefistav.sk\/#website\",\"url\":\"https:\/\/www.nefistav.sk\/\",\"name\":\"\",\"description\":\"V\u00e1\u0161 stavebn\u00fd partner ...\",\"potentialAction\":[{\"@type\":\"SearchAction\",\"target\":{\"@type\":\"EntryPoint\",\"urlTemplate\":\"https:\/\/www.nefistav.sk\/?s={search_term_string}\"},\"query-input\":{\"@type\":\"PropertyValueSpecification\",\"valueRequired\":true,\"valueName\":\"search_term_string\"}}],\"inLanguage\":\"sk-SK\"}]}<\/script>\n<!-- \/ Yoast SEO plugin. -->","yoast_head_json":{"title":"Vozov\u00fd park -","robots":{"index":"index","follow":"follow","max-snippet":"max-snippet:-1","max-image-preview":"max-image-preview:large","max-video-preview":"max-video-preview:-1"},"canonical":"https:\/\/www.nefistav.sk\/?page_id=96","og_locale":"sk_SK","og_type":"article","og_title":"Vozov\u00fd park -","og_url":"https:\/\/www.nefistav.sk\/?page_id=96","article_modified_time":"2021-11-23T07:48:36+00:00","og_image":[{"url":"http:\/\/www.nefistav.sk\/wp-content\/uploads\/2019\/06\/IMG_20190616_083831-1024x768.jpg","type":"","width":"","height":""}],"twitter_card":"summary_large_image","twitter_misc":{"Predpokladan\u00fd \u010das \u010d\u00edtania":"1 min\u00fata"},"schema":{"@context":"https:\/\/schema.org","@graph":[{"@type":"WebPage","@id":"https:\/\/www.nefistav.sk\/?page_id=96","url":"https:\/\/www.nefistav.sk\/?page_id=96","name":"Vozov\u00fd park -","isPartOf":{"@id":"https:\/\/www.nefistav.sk\/#website"},"primaryImageOfPage":{"@id":"https:\/\/www.nefistav.sk\/?page_id=96#primaryimage"},"image":{"@id":"https:\/\/www.nefistav.sk\/?page_id=96#primaryimage"},"thumbnailUrl":"http:\/\/www.nefistav.sk\/wp-content\/uploads\/2019\/06\/IMG_20190616_083831-1024x768.jpg","datePublished":"2019-06-19T12:02:55+00:00","dateModified":"2021-11-23T07:48:36+00:00","breadcrumb":{"@id":"https:\/\/www.nefistav.sk\/?page_id=96#breadcrumb"},"inLanguage":"sk-SK","potentialAction":[{"@type":"ReadAction","target":["https:\/\/www.nefistav.sk\/?page_id=96"]}]},{"@type":"ImageObject","inLanguage":"sk-SK","@id":"https:\/\/www.nefistav.sk\/?page_id=96#primaryimage","url":"https:\/\/www.nefistav.sk\/wp-content\/uploads\/2019\/06\/IMG_20190616_083831.jpg","contentUrl":"https:\/\/www.nefistav.sk\/wp-content\/uploads\/2019\/06\/IMG_20190616_083831.jpg","width":1280,"height":960},{"@type":"BreadcrumbList","@id":"https:\/\/www.nefistav.sk\/?page_id=96#breadcrumb","itemListElement":[{"@type":"ListItem","position":1,"name":"Home","item":"https:\/\/www.nefistav.sk\/"},{"@type":"ListItem","position":2,"name":"Vozov\u00fd park"}]},{"@type":"WebSite","@id":"https:\/\/www.nefistav.sk\/#website","url":"https:\/\/www.nefistav.sk\/","name":"","description":"V\u00e1\u0161 stavebn\u00fd partner ...","potentialAction":[{"@type":"SearchAction","target":{"@type":"EntryPoint","urlTemplate":"https:\/\/www.nefistav.sk\/?s={search_term_string}"},"query-input":{"@type":"PropertyValueSpecification","valueRequired":true,"valueName":"search_term_string"}}],"inLanguage":"sk-SK"}]}},"jetpack_sharing_enabled":true,"_links":{"self":[{"href":"https:\/\/www.nefistav.sk\/index.php?rest_route=\/wp\/v2\/pages\/96","targetHints":{"allow":["GET"]}}],"collection":[{"href":"https:\/\/www.nefistav.sk\/index.php?rest_route=\/wp\/v2\/pages"}],"about":[{"href":"https:\/\/www.nefistav.sk\/index.php?rest_route=\/wp\/v2\/types\/page"}],"author":[{"embeddable":true,"href":"https:\/\/www.nefistav.sk\/index.php?rest_route=\/wp\/v2\/users\/1"}],"replies":[{"embeddable":true,"href":"https:\/\/www.nefistav.sk\/index.php?rest_route=%2Fwp%2Fv2%2Fcomments&post=96"}],"version-history":[{"count":5,"href":"https:\/\/www.nefistav.sk\/index.php?rest_route=\/wp\/v2\/pages\/96\/revisions"}],"predecessor-version":[{"id":124,"href":"https:\/\/www.nefistav.sk\/index.php?rest_route=\/wp\/v2\/pages\/96\/revisions\/124"}],"wp:attachment":[{"href":"https:\/\/www.nefistav.sk\/index.php?rest_route=%2Fwp%2Fv2%2Fmedia&parent=96"}],"curies":[{"name":"wp","href":"https:\/\/api.w.org\/{rel}","templated":true}]}}