{"id":41,"date":"2019-04-16T10:25:17","date_gmt":"2019-04-16T09:25:17","guid":{"rendered":"http:\/\/www.nefistav.sk\/?page_id=41"},"modified":"2023-01-17T08:23:22","modified_gmt":"2023-01-17T07:23:22","slug":"predajna-stavebnych-materialov-stavebniny-na-stanici","status":"publish","type":"page","link":"https:\/\/www.nefistav.sk\/","title":{"rendered":"Predaj\u0148a stavebn\u00fdch materi\u00e1lov \u2013 Stavebniny na stanici"},"content":{"rendered":"\n<p><span style=\"color: #d9d7d7;\"><strong>V\u00a0prev\u00e1dzke stavebn\u00edn je k dispoz\u00edcii nasledovn\u00fd sortiment:<br \/><\/strong><\/span><\/p>\n<p><span style=\"color: #d9d7d7;\"><strong>\u2022 Bet\u00f3nov\u00e9 v\u00fdrobky<\/strong> \u2013 \u0161alovacie tv\u00e1rnice, dla\u017eby, obrubn\u00edky, ploty, obklady,&#8230;<\/span><br \/><span style=\"color: #d9d7d7;\"><strong>\u2022 Vrecovan\u00fd materi\u00e1l<\/strong> \u2013 cement, v\u00e1pno, lepidl\u00e1, omietky, murovacie malty, vrecovan\u00e9 bet\u00f3ny, nivela\u010dn\u00e9 hmoty, \u0161p\u00e1rovacie hmoty<\/span><br \/><span style=\"color: #d9d7d7;\"><strong>\u2022 \u0160trky, piesky, kame\u0148<\/strong><\/span><br \/><span style=\"color: #d9d7d7;\"><strong>\u2022 Murovac\u00ed materi\u00e1l<\/strong> \u2013 p\u00e1len\u00e9 tehly, Porfix, Ytong<\/span><br \/><span style=\"color: #d9d7d7;\"><strong>\u2022 Kom\u00edny<\/strong> \u2013 \u0161amotov\u00e9, nerezov\u00e9<\/span><br \/><span style=\"color: #d9d7d7;\"><strong>\u2022 Hutn\u00fd materi\u00e1l<\/strong> \u2013 kari siete, roxory<\/span><br \/><span style=\"color: #d9d7d7;\"><strong>\u2022 Tepeln\u00e9 izol\u00e1cie<\/strong> \u2013 miner\u00e1lne izol\u00e1cie, polystyr\u00e9n, extrudovan\u00fd polystyr\u00e9n, sklen\u00e1 vata<\/span><br \/><span style=\"color: #d9d7d7;\"><strong>\u2022 Hydroizol\u00e1cie<\/strong> \u2013 asfaltov\u00e9 p\u00e1sy, nopov\u00e1 f\u00f3lia<\/span><br \/><span style=\"color: #d9d7d7;\"><strong>\u2022 OSB dosky<\/strong><\/span><br \/><span style=\"color: #d9d7d7;\"><strong>\u2022 Stavebn\u00e9 n\u00e1radie<\/strong><\/span><br \/><span style=\"color: #d9d7d7;\"><strong>\u2022 Spojovac\u00ed materi\u00e1l<\/strong> \u2013 klince, z\u00e1vitov\u00e9 ty\u010de, skrtuky, hmo\u017edinky, &#8230;.<\/span><br \/><span style=\"color: #d9d7d7;\"><strong>\u2022 Pletivo a\u00a0pr\u00edslu\u0161enstvo<\/strong> \u2013 pozinkovan\u00e9, poplastovan\u00e9<\/span><br \/><span style=\"color: #d9d7d7;\"><strong>\u2022 Sklolamin\u00e1tov\u00e9 sie\u0165ky, rohovn\u00edky<\/strong><\/span><br \/><span style=\"color: #d9d7d7;\">\u2022<strong> Vonkaj\u0161ia PVC kanaliz\u00e1cia, dren\u00e1\u017ene r\u00fary, odvod\u0148ovacie \u017e\u013eaby<\/strong><\/span><br \/><span style=\"color: #d9d7d7;\"><strong>\u2022 Stavebn\u00e1 ch\u00e9mia<\/strong> \u2013 PUR peny, penetra\u010dn\u00e9 n\u00e1tery, silik\u00f3ny, pr\u00edmesy do bet\u00f3nu \u2013 plastifik\u00e1tor, nemrzn\u00faca zmes<\/span><br \/><span style=\"color: #d9d7d7;\"><strong>\u2022 Vodou riedite\u013en\u00e9 farby, syntetick\u00e9 farby, riedidl\u00e1, technick\u00fd benz\u00edn, farby v\u00a0spreji,&#8230;<\/strong><\/span><\/p>\n\n\n\n<div class=\"wp-block-ftg-gallery\"><!-- Final Tiles Grid Gallery for WordPress v3.6.2 free --><style>#ftg-11 .tile .icon { color:#ffffff; }#ftg-11 .ftg-items .loading-bar i { background:#666; }#ftg-11 .ftg-items .loading-bar { background:#fff; }#ftg-11 .tile .icon { font-size:12px; }#ftg-11 .tile .icon { margin: -6px 0 0 -6px; }#ftg-11 .tile .caption-block .text-wrapper span.text { font-size:12px; }#ftg-11 .tile .caption-outside .text-wrapper span.text { font-size:12px; }#ftg-11 .tile .caption-block .text-wrapper span.title { font-size:14px; }#ftg-11 .tile .caption-outside .text-wrapper span.title { font-size:14px; }#ftg-11 .tile { background-color: transparent; }#ftg-11 .tile .caption-block .text-wrapper span.text { color: #ffffff; }#ftg-11 .tile .caption-block .text-wrapper span.title { color: #ffffff; }#ftg-11 .tile .caption-outside .text-wrapper span.text { color: #ffffff; }#ftg-11 .tile .caption-outside .text-wrapper span.title { color: #ffffff; }#ftg-11 .tile .ftg-social a { color: #ffffff; }#ftg-11 .tile .caption-block { transition-duration:0.25s; }#ftg-11 .tile .tile-inner:before { background-color: #000000; }#ftg-11 .tile .tile-inner:before { background-color: rgba(0, 0, 0, 0.8); }#ftg-11 .tile:hover img {-moz-transform: ;-webkit-transform: ;-o-transform: ;-ms-transform: ;transform: ;}<\/style><a name=\"1\"><\/a><div class=\"final-tiles-gallery  ftg-hover-enabled caption-inside  caption-none caption-middle caption-center\" id=\"ftg-11\" style=\"width: 100%\"><div class='ftg-items'><div class='loading-bar'><i><\/i><\/div><div  class='tile ftg-preload  '><a title=\"IMG_20211116_150017\" data-lightbox='ftg-11' rel='ftg-11'  class=' tile-inner  ftg-lightbox' href='https:\/\/www.nefistav.sk\/wp-content\/uploads\/2021\/11\/IMG_20211116_150017-1024x768.jpg' ><img alt='IMG_20211116_150017' class='item skip-lazy' data-class='item' data-ftg-source='https:\/\/www.nefistav.sk\/wp-content\/uploads\/2021\/11\/IMG_20211116_150017-1024x768.jpg' src='https:\/\/www.nefistav.sk\/wp-content\/uploads\/2021\/11\/IMG_20211116_150017-1024x768.jpg' width='525' height='394' \/><\/a><div class='ftg-social'><\/div><\/div><div  class='tile ftg-preload  '><a title=\"IMG_20211116_150155-1\" data-lightbox='ftg-11' rel='ftg-11'  class=' tile-inner  ftg-lightbox' href='https:\/\/www.nefistav.sk\/wp-content\/uploads\/2021\/11\/IMG_20211116_150155-1-1024x768.jpg' ><img alt='IMG_20211116_150155-1' class='item skip-lazy' data-class='item' data-ftg-source='https:\/\/www.nefistav.sk\/wp-content\/uploads\/2021\/11\/IMG_20211116_150155-1-1024x768.jpg' src='https:\/\/www.nefistav.sk\/wp-content\/uploads\/2021\/11\/IMG_20211116_150155-1-1024x768.jpg' width='525' height='394' \/><\/a><div class='ftg-social'><\/div><\/div><div  class='tile ftg-preload  '><a title=\"IMG_20211116_150134-1\" data-lightbox='ftg-11' rel='ftg-11'  class=' tile-inner  ftg-lightbox' href='https:\/\/www.nefistav.sk\/wp-content\/uploads\/2021\/11\/IMG_20211116_150134-1-1024x768.jpg' ><img alt='IMG_20211116_150134-1' class='item skip-lazy' data-class='item' data-ftg-source='https:\/\/www.nefistav.sk\/wp-content\/uploads\/2021\/11\/IMG_20211116_150134-1-1024x768.jpg' src='https:\/\/www.nefistav.sk\/wp-content\/uploads\/2021\/11\/IMG_20211116_150134-1-1024x768.jpg' width='525' height='394' \/><\/a><div class='ftg-social'><\/div><\/div><div  class='tile ftg-preload  '><a title=\"IMG_20211116_150106\" data-lightbox='ftg-11' rel='ftg-11'  class=' tile-inner  ftg-lightbox' href='https:\/\/www.nefistav.sk\/wp-content\/uploads\/2021\/11\/IMG_20211116_150106-1024x768.jpg' ><img alt='IMG_20211116_150106' class='item skip-lazy' data-class='item' data-ftg-source='https:\/\/www.nefistav.sk\/wp-content\/uploads\/2021\/11\/IMG_20211116_150106-1024x768.jpg' src='https:\/\/www.nefistav.sk\/wp-content\/uploads\/2021\/11\/IMG_20211116_150106-1024x768.jpg' width='525' height='394' \/><\/a><div class='ftg-social'><\/div><\/div><div  class='tile ftg-preload  '><a title=\"IMG_20211116_145843\" data-lightbox='ftg-11' rel='ftg-11'  class=' tile-inner  ftg-lightbox' href='https:\/\/www.nefistav.sk\/wp-content\/uploads\/2021\/11\/IMG_20211116_145843-1024x768.jpg' ><img alt='IMG_20211116_145843' class='item skip-lazy' data-class='item' data-ftg-source='https:\/\/www.nefistav.sk\/wp-content\/uploads\/2021\/11\/IMG_20211116_145843-1024x768.jpg' src='https:\/\/www.nefistav.sk\/wp-content\/uploads\/2021\/11\/IMG_20211116_145843-1024x768.jpg' width='525' height='394' \/><\/a><div class='ftg-social'><\/div><\/div><div  class='tile ftg-preload  '><a title=\"IMG_20211116_150127\" data-lightbox='ftg-11' rel='ftg-11'  class=' tile-inner  ftg-lightbox' href='https:\/\/www.nefistav.sk\/wp-content\/uploads\/2021\/11\/IMG_20211116_150127-1024x768.jpg' ><img alt='IMG_20211116_150127' class='item skip-lazy' data-class='item' data-ftg-source='https:\/\/www.nefistav.sk\/wp-content\/uploads\/2021\/11\/IMG_20211116_150127-1024x768.jpg' src='https:\/\/www.nefistav.sk\/wp-content\/uploads\/2021\/11\/IMG_20211116_150127-1024x768.jpg' width='525' height='394' \/><\/a><div class='ftg-social'><\/div><\/div><div  class='tile ftg-preload  '><a title=\"IMG_20211116_150034\" data-lightbox='ftg-11' rel='ftg-11'  class=' tile-inner  ftg-lightbox' href='https:\/\/www.nefistav.sk\/wp-content\/uploads\/2021\/11\/IMG_20211116_150034-1024x768.jpg' ><img alt='IMG_20211116_150034' class='item skip-lazy' data-class='item' data-ftg-source='https:\/\/www.nefistav.sk\/wp-content\/uploads\/2021\/11\/IMG_20211116_150034-1024x768.jpg' src='https:\/\/www.nefistav.sk\/wp-content\/uploads\/2021\/11\/IMG_20211116_150034-1024x768.jpg' width='525' height='394' \/><\/a><div class='ftg-social'><\/div><\/div><div  class='tile ftg-preload  '><a title=\"IMG_20211116_145920\" data-lightbox='ftg-11' rel='ftg-11'  class=' tile-inner  ftg-lightbox' href='https:\/\/www.nefistav.sk\/wp-content\/uploads\/2021\/11\/IMG_20211116_145920-1024x768.jpg' ><img alt='IMG_20211116_145920' class='item skip-lazy' data-class='item' data-ftg-source='https:\/\/www.nefistav.sk\/wp-content\/uploads\/2021\/11\/IMG_20211116_145920-1024x768.jpg' src='https:\/\/www.nefistav.sk\/wp-content\/uploads\/2021\/11\/IMG_20211116_145920-1024x768.jpg' width='525' height='394' \/><\/a><div class='ftg-social'><\/div><\/div><div  class='tile ftg-preload  '><a title=\"IMG_20211116_145940\" data-lightbox='ftg-11' rel='ftg-11'  class=' tile-inner  ftg-lightbox' href='https:\/\/www.nefistav.sk\/wp-content\/uploads\/2021\/11\/IMG_20211116_145940-1024x768.jpg' ><img alt='IMG_20211116_145940' class='item skip-lazy' data-class='item' data-ftg-source='https:\/\/www.nefistav.sk\/wp-content\/uploads\/2021\/11\/IMG_20211116_145940-1024x768.jpg' src='https:\/\/www.nefistav.sk\/wp-content\/uploads\/2021\/11\/IMG_20211116_145940-1024x768.jpg' width='525' height='394' \/><\/a><div class='ftg-social'><\/div><\/div><div  class='tile ftg-preload  '><a title=\"IMG_20211116_145803\" data-lightbox='ftg-11' rel='ftg-11'  class=' tile-inner  ftg-lightbox' href='https:\/\/www.nefistav.sk\/wp-content\/uploads\/2021\/11\/IMG_20211116_145803-1024x768.jpg' ><img alt='IMG_20211116_145803' class='item skip-lazy' data-class='item' data-ftg-source='https:\/\/www.nefistav.sk\/wp-content\/uploads\/2021\/11\/IMG_20211116_145803-1024x768.jpg' src='https:\/\/www.nefistav.sk\/wp-content\/uploads\/2021\/11\/IMG_20211116_145803-1024x768.jpg' width='525' height='394' \/><\/a><div class='ftg-social'><\/div><\/div><\/div><\/div><\/div>\n\n\n\n<h2 class=\"wp-block-heading\">Prepravb\u00fd poriadok:<\/h2>\n\n\n\n<div class=\"wp-block-file\"><a id=\"wp-block-file--media-39cd1ed2-44bf-4c8b-be8c-68bce1be0092\" href=\"https:\/\/www.nefistav.sk\/wp-content\/uploads\/2019\/07\/Prepravn\u00fd-poriadok_-CND_NE-FI-stav-s.r.o._03-2019_20191.pdf\">Prepravn\u00fd poriadok NE-FI stav s.r.o.<\/a><a href=\"https:\/\/www.nefistav.sk\/wp-content\/uploads\/2019\/07\/Prepravn\u00fd-poriadok_-CND_NE-FI-stav-s.r.o._03-2019_20191.pdf\" class=\"wp-block-file__button wp-element-button\" download aria-describedby=\"wp-block-file--media-39cd1ed2-44bf-4c8b-be8c-68bce1be0092\">Stiahnu\u0165<\/a><\/div>\n","protected":false},"excerpt":{"rendered":"<p>V\u00a0prev\u00e1dzke stavebn\u00edn je k dispoz\u00edcii nasledovn\u00fd sortiment: \u2022 Bet\u00f3nov\u00e9 v\u00fdrobky \u2013 \u0161alovacie tv\u00e1rnice, dla\u017eby, obrubn\u00edky, ploty, obklady,&#8230;\u2022 Vrecovan\u00fd materi\u00e1l \u2013 cement, v\u00e1pno, lepidl\u00e1, omietky, murovacie malty, vrecovan\u00e9 bet\u00f3ny, nivela\u010dn\u00e9 hmoty, \u0161p\u00e1rovacie hmoty\u2022 \u0160trky, piesky, kame\u0148\u2022 Murovac\u00ed materi\u00e1l \u2013 p\u00e1len\u00e9 tehly, Porfix, Ytong\u2022 Kom\u00edny \u2013 \u0161amotov\u00e9, nerezov\u00e9\u2022 Hutn\u00fd materi\u00e1l \u2013 kari siete, roxory\u2022 Tepeln\u00e9 izol\u00e1cie \u2013 &hellip; <\/p>\n<p class=\"link-more\"><a href=\"https:\/\/www.nefistav.sk\/\" class=\"more-link\">Pokra\u010dova\u0165 v \u010d\u00edtan\u00ed<span class=\"screen-reader-text\"> &#8222;Predaj\u0148a stavebn\u00fdch materi\u00e1lov \u2013 Stavebniny na stanici&#8220;<\/span><\/a><\/p>\n","protected":false},"author":1,"featured_media":0,"parent":0,"menu_order":0,"comment_status":"closed","ping_status":"closed","template":"","meta":{"footnotes":""},"class_list":["post-41","page","type-page","status-publish","hentry"],"yoast_head":"<!-- This site is optimized with the Yoast SEO plugin v26.8 - https:\/\/yoast.com\/product\/yoast-seo-wordpress\/ -->\n<title>Predaj\u0148a stavebn\u00fdch materi\u00e1lov \u2013 Stavebniny na stanici -<\/title>\n<meta name=\"robots\" content=\"index, follow, max-snippet:-1, max-image-preview:large, max-video-preview:-1\" \/>\n<link rel=\"canonical\" href=\"https:\/\/www.nefistav.sk\/\" \/>\n<meta property=\"og:locale\" content=\"sk_SK\" \/>\n<meta property=\"og:type\" content=\"article\" \/>\n<meta property=\"og:title\" content=\"Predaj\u0148a stavebn\u00fdch materi\u00e1lov \u2013 Stavebniny na stanici -\" \/>\n<meta property=\"og:description\" content=\"V\u00a0prev\u00e1dzke stavebn\u00edn je k dispoz\u00edcii nasledovn\u00fd sortiment: \u2022 Bet\u00f3nov\u00e9 v\u00fdrobky \u2013 \u0161alovacie tv\u00e1rnice, dla\u017eby, obrubn\u00edky, ploty, obklady,&#8230;\u2022 Vrecovan\u00fd materi\u00e1l \u2013 cement, v\u00e1pno, lepidl\u00e1, omietky, murovacie malty, vrecovan\u00e9 bet\u00f3ny, nivela\u010dn\u00e9 hmoty, \u0161p\u00e1rovacie hmoty\u2022 \u0160trky, piesky, kame\u0148\u2022 Murovac\u00ed materi\u00e1l \u2013 p\u00e1len\u00e9 tehly, Porfix, Ytong\u2022 Kom\u00edny \u2013 \u0161amotov\u00e9, nerezov\u00e9\u2022 Hutn\u00fd materi\u00e1l \u2013 kari siete, roxory\u2022 Tepeln\u00e9 izol\u00e1cie \u2013 &hellip; Pokra\u010dova\u0165 v \u010d\u00edtan\u00ed &quot;Predaj\u0148a stavebn\u00fdch materi\u00e1lov \u2013 Stavebniny na stanici&quot;\" \/>\n<meta property=\"og:url\" content=\"https:\/\/www.nefistav.sk\/\" \/>\n<meta property=\"article:modified_time\" content=\"2023-01-17T07:23:22+00:00\" \/>\n<meta name=\"twitter:card\" content=\"summary_large_image\" \/>\n<meta name=\"twitter:label1\" content=\"Predpokladan\u00fd \u010das \u010d\u00edtania\" \/>\n\t<meta name=\"twitter:data1\" content=\"1 min\u00fata\" \/>\n<script type=\"application\/ld+json\" class=\"yoast-schema-graph\">{\"@context\":\"https:\/\/schema.org\",\"@graph\":[{\"@type\":\"WebPage\",\"@id\":\"https:\/\/www.nefistav.sk\/\",\"url\":\"https:\/\/www.nefistav.sk\/\",\"name\":\"Predaj\u0148a stavebn\u00fdch materi\u00e1lov \u2013 Stavebniny na stanici -\",\"isPartOf\":{\"@id\":\"https:\/\/www.nefistav.sk\/#website\"},\"datePublished\":\"2019-04-16T09:25:17+00:00\",\"dateModified\":\"2023-01-17T07:23:22+00:00\",\"breadcrumb\":{\"@id\":\"https:\/\/www.nefistav.sk\/#breadcrumb\"},\"inLanguage\":\"sk-SK\",\"potentialAction\":[{\"@type\":\"ReadAction\",\"target\":[\"https:\/\/www.nefistav.sk\/\"]}]},{\"@type\":\"BreadcrumbList\",\"@id\":\"https:\/\/www.nefistav.sk\/#breadcrumb\",\"itemListElement\":[{\"@type\":\"ListItem\",\"position\":1,\"name\":\"Home\",\"item\":\"https:\/\/www.nefistav.sk\/\"},{\"@type\":\"ListItem\",\"position\":2,\"name\":\"Predaj\u0148a stavebn\u00fdch materi\u00e1lov \u2013 Stavebniny na stanici\"}]},{\"@type\":\"WebSite\",\"@id\":\"https:\/\/www.nefistav.sk\/#website\",\"url\":\"https:\/\/www.nefistav.sk\/\",\"name\":\"\",\"description\":\"V\u00e1\u0161 stavebn\u00fd partner ...\",\"potentialAction\":[{\"@type\":\"SearchAction\",\"target\":{\"@type\":\"EntryPoint\",\"urlTemplate\":\"https:\/\/www.nefistav.sk\/?s={search_term_string}\"},\"query-input\":{\"@type\":\"PropertyValueSpecification\",\"valueRequired\":true,\"valueName\":\"search_term_string\"}}],\"inLanguage\":\"sk-SK\"}]}<\/script>\n<!-- \/ Yoast SEO plugin. -->","yoast_head_json":{"title":"Predaj\u0148a stavebn\u00fdch materi\u00e1lov \u2013 Stavebniny na stanici -","robots":{"index":"index","follow":"follow","max-snippet":"max-snippet:-1","max-image-preview":"max-image-preview:large","max-video-preview":"max-video-preview:-1"},"canonical":"https:\/\/www.nefistav.sk\/","og_locale":"sk_SK","og_type":"article","og_title":"Predaj\u0148a stavebn\u00fdch materi\u00e1lov \u2013 Stavebniny na stanici -","og_description":"V\u00a0prev\u00e1dzke stavebn\u00edn je k dispoz\u00edcii nasledovn\u00fd sortiment: \u2022 Bet\u00f3nov\u00e9 v\u00fdrobky \u2013 \u0161alovacie tv\u00e1rnice, dla\u017eby, obrubn\u00edky, ploty, obklady,&#8230;\u2022 Vrecovan\u00fd materi\u00e1l \u2013 cement, v\u00e1pno, lepidl\u00e1, omietky, murovacie malty, vrecovan\u00e9 bet\u00f3ny, nivela\u010dn\u00e9 hmoty, \u0161p\u00e1rovacie hmoty\u2022 \u0160trky, piesky, kame\u0148\u2022 Murovac\u00ed materi\u00e1l \u2013 p\u00e1len\u00e9 tehly, Porfix, Ytong\u2022 Kom\u00edny \u2013 \u0161amotov\u00e9, nerezov\u00e9\u2022 Hutn\u00fd materi\u00e1l \u2013 kari siete, roxory\u2022 Tepeln\u00e9 izol\u00e1cie \u2013 &hellip; Pokra\u010dova\u0165 v \u010d\u00edtan\u00ed \"Predaj\u0148a stavebn\u00fdch materi\u00e1lov \u2013 Stavebniny na stanici\"","og_url":"https:\/\/www.nefistav.sk\/","article_modified_time":"2023-01-17T07:23:22+00:00","twitter_card":"summary_large_image","twitter_misc":{"Predpokladan\u00fd \u010das \u010d\u00edtania":"1 min\u00fata"},"schema":{"@context":"https:\/\/schema.org","@graph":[{"@type":"WebPage","@id":"https:\/\/www.nefistav.sk\/","url":"https:\/\/www.nefistav.sk\/","name":"Predaj\u0148a stavebn\u00fdch materi\u00e1lov \u2013 Stavebniny na stanici -","isPartOf":{"@id":"https:\/\/www.nefistav.sk\/#website"},"datePublished":"2019-04-16T09:25:17+00:00","dateModified":"2023-01-17T07:23:22+00:00","breadcrumb":{"@id":"https:\/\/www.nefistav.sk\/#breadcrumb"},"inLanguage":"sk-SK","potentialAction":[{"@type":"ReadAction","target":["https:\/\/www.nefistav.sk\/"]}]},{"@type":"BreadcrumbList","@id":"https:\/\/www.nefistav.sk\/#breadcrumb","itemListElement":[{"@type":"ListItem","position":1,"name":"Home","item":"https:\/\/www.nefistav.sk\/"},{"@type":"ListItem","position":2,"name":"Predaj\u0148a stavebn\u00fdch materi\u00e1lov \u2013 Stavebniny na stanici"}]},{"@type":"WebSite","@id":"https:\/\/www.nefistav.sk\/#website","url":"https:\/\/www.nefistav.sk\/","name":"","description":"V\u00e1\u0161 stavebn\u00fd partner ...","potentialAction":[{"@type":"SearchAction","target":{"@type":"EntryPoint","urlTemplate":"https:\/\/www.nefistav.sk\/?s={search_term_string}"},"query-input":{"@type":"PropertyValueSpecification","valueRequired":true,"valueName":"search_term_string"}}],"inLanguage":"sk-SK"}]}},"jetpack_sharing_enabled":true,"_links":{"self":[{"href":"https:\/\/www.nefistav.sk\/index.php?rest_route=\/wp\/v2\/pages\/41","targetHints":{"allow":["GET"]}}],"collection":[{"href":"https:\/\/www.nefistav.sk\/index.php?rest_route=\/wp\/v2\/pages"}],"about":[{"href":"https:\/\/www.nefistav.sk\/index.php?rest_route=\/wp\/v2\/types\/page"}],"author":[{"embeddable":true,"href":"https:\/\/www.nefistav.sk\/index.php?rest_route=\/wp\/v2\/users\/1"}],"replies":[{"embeddable":true,"href":"https:\/\/www.nefistav.sk\/index.php?rest_route=%2Fwp%2Fv2%2Fcomments&post=41"}],"version-history":[{"count":19,"href":"https:\/\/www.nefistav.sk\/index.php?rest_route=\/wp\/v2\/pages\/41\/revisions"}],"predecessor-version":[{"id":234,"href":"https:\/\/www.nefistav.sk\/index.php?rest_route=\/wp\/v2\/pages\/41\/revisions\/234"}],"wp:attachment":[{"href":"https:\/\/www.nefistav.sk\/index.php?rest_route=%2Fwp%2Fv2%2Fmedia&parent=41"}],"curies":[{"name":"wp","href":"https:\/\/api.w.org\/{rel}","templated":true}]}}