{"id":237,"date":"2025-03-11T08:53:12","date_gmt":"2025-03-11T07:53:12","guid":{"rendered":"https:\/\/www.nefistav.sk\/?page_id=237"},"modified":"2025-03-11T08:53:13","modified_gmt":"2025-03-11T07:53:13","slug":"vernostny-program","status":"publish","type":"page","link":"https:\/\/www.nefistav.sk\/?page_id=237","title":{"rendered":"Vernostn\u00fd program"},"content":{"rendered":"\n<figure class=\"wp-block-image size-large\"><img loading=\"lazy\" decoding=\"async\" width=\"723\" height=\"1024\" src=\"https:\/\/www.nefistav.sk\/wp-content\/uploads\/2025\/03\/plagat-s-kartickou-723x1024.jpg\" alt=\"\" class=\"wp-image-238\" srcset=\"https:\/\/www.nefistav.sk\/wp-content\/uploads\/2025\/03\/plagat-s-kartickou-723x1024.jpg 723w, https:\/\/www.nefistav.sk\/wp-content\/uploads\/2025\/03\/plagat-s-kartickou-212x300.jpg 212w, https:\/\/www.nefistav.sk\/wp-content\/uploads\/2025\/03\/plagat-s-kartickou-768x1087.jpg 768w, https:\/\/www.nefistav.sk\/wp-content\/uploads\/2025\/03\/plagat-s-kartickou-1085x1536.jpg 1085w, https:\/\/www.nefistav.sk\/wp-content\/uploads\/2025\/03\/plagat-s-kartickou.jpg 1224w\" sizes=\"auto, (max-width: 723px) 100vw, 723px\" \/><\/figure>\n","protected":false},"excerpt":{"rendered":"","protected":false},"author":1,"featured_media":0,"parent":0,"menu_order":0,"comment_status":"closed","ping_status":"closed","template":"","meta":{"footnotes":""},"class_list":["post-237","page","type-page","status-publish","hentry"],"yoast_head":"<!-- This site is optimized with the Yoast SEO plugin v26.8 - https:\/\/yoast.com\/product\/yoast-seo-wordpress\/ -->\n<title>Vernostn\u00fd program -<\/title>\n<meta name=\"robots\" content=\"index, follow, max-snippet:-1, max-image-preview:large, max-video-preview:-1\" \/>\n<link rel=\"canonical\" href=\"https:\/\/www.nefistav.sk\/?page_id=237\" \/>\n<meta property=\"og:locale\" content=\"sk_SK\" \/>\n<meta property=\"og:type\" content=\"article\" \/>\n<meta property=\"og:title\" content=\"Vernostn\u00fd program -\" \/>\n<meta property=\"og:url\" content=\"https:\/\/www.nefistav.sk\/?page_id=237\" \/>\n<meta property=\"article:modified_time\" content=\"2025-03-11T07:53:13+00:00\" \/>\n<meta property=\"og:image\" content=\"https:\/\/www.nefistav.sk\/wp-content\/uploads\/2025\/03\/plagat-s-kartickou.jpg\" \/>\n\t<meta property=\"og:image:width\" content=\"1224\" \/>\n\t<meta property=\"og:image:height\" content=\"1733\" \/>\n\t<meta property=\"og:image:type\" content=\"image\/jpeg\" \/>\n<meta name=\"twitter:card\" content=\"summary_large_image\" \/>\n<meta name=\"twitter:label1\" content=\"Predpokladan\u00fd \u010das \u010d\u00edtania\" \/>\n\t<meta name=\"twitter:data1\" content=\"1 min\u00fata\" \/>\n<script type=\"application\/ld+json\" class=\"yoast-schema-graph\">{\"@context\":\"https:\/\/schema.org\",\"@graph\":[{\"@type\":\"WebPage\",\"@id\":\"https:\/\/www.nefistav.sk\/?page_id=237\",\"url\":\"https:\/\/www.nefistav.sk\/?page_id=237\",\"name\":\"Vernostn\u00fd program -\",\"isPartOf\":{\"@id\":\"https:\/\/www.nefistav.sk\/#website\"},\"primaryImageOfPage\":{\"@id\":\"https:\/\/www.nefistav.sk\/?page_id=237#primaryimage\"},\"image\":{\"@id\":\"https:\/\/www.nefistav.sk\/?page_id=237#primaryimage\"},\"thumbnailUrl\":\"https:\/\/www.nefistav.sk\/wp-content\/uploads\/2025\/03\/plagat-s-kartickou-723x1024.jpg\",\"datePublished\":\"2025-03-11T07:53:12+00:00\",\"dateModified\":\"2025-03-11T07:53:13+00:00\",\"breadcrumb\":{\"@id\":\"https:\/\/www.nefistav.sk\/?page_id=237#breadcrumb\"},\"inLanguage\":\"sk-SK\",\"potentialAction\":[{\"@type\":\"ReadAction\",\"target\":[\"https:\/\/www.nefistav.sk\/?page_id=237\"]}]},{\"@type\":\"ImageObject\",\"inLanguage\":\"sk-SK\",\"@id\":\"https:\/\/www.nefistav.sk\/?page_id=237#primaryimage\",\"url\":\"https:\/\/www.nefistav.sk\/wp-content\/uploads\/2025\/03\/plagat-s-kartickou.jpg\",\"contentUrl\":\"https:\/\/www.nefistav.sk\/wp-content\/uploads\/2025\/03\/plagat-s-kartickou.jpg\",\"width\":1224,\"height\":1733,\"caption\":\"Screenshot\"},{\"@type\":\"BreadcrumbList\",\"@id\":\"https:\/\/www.nefistav.sk\/?page_id=237#breadcrumb\",\"itemListElement\":[{\"@type\":\"ListItem\",\"position\":1,\"name\":\"Home\",\"item\":\"https:\/\/www.nefistav.sk\/\"},{\"@type\":\"ListItem\",\"position\":2,\"name\":\"Vernostn\u00fd program\"}]},{\"@type\":\"WebSite\",\"@id\":\"https:\/\/www.nefistav.sk\/#website\",\"url\":\"https:\/\/www.nefistav.sk\/\",\"name\":\"\",\"description\":\"V\u00e1\u0161 stavebn\u00fd partner ...\",\"potentialAction\":[{\"@type\":\"SearchAction\",\"target\":{\"@type\":\"EntryPoint\",\"urlTemplate\":\"https:\/\/www.nefistav.sk\/?s={search_term_string}\"},\"query-input\":{\"@type\":\"PropertyValueSpecification\",\"valueRequired\":true,\"valueName\":\"search_term_string\"}}],\"inLanguage\":\"sk-SK\"}]}<\/script>\n<!-- \/ Yoast SEO plugin. -->","yoast_head_json":{"title":"Vernostn\u00fd program -","robots":{"index":"index","follow":"follow","max-snippet":"max-snippet:-1","max-image-preview":"max-image-preview:large","max-video-preview":"max-video-preview:-1"},"canonical":"https:\/\/www.nefistav.sk\/?page_id=237","og_locale":"sk_SK","og_type":"article","og_title":"Vernostn\u00fd program -","og_url":"https:\/\/www.nefistav.sk\/?page_id=237","article_modified_time":"2025-03-11T07:53:13+00:00","og_image":[{"width":1224,"height":1733,"url":"https:\/\/www.nefistav.sk\/wp-content\/uploads\/2025\/03\/plagat-s-kartickou.jpg","type":"image\/jpeg"}],"twitter_card":"summary_large_image","twitter_misc":{"Predpokladan\u00fd \u010das \u010d\u00edtania":"1 min\u00fata"},"schema":{"@context":"https:\/\/schema.org","@graph":[{"@type":"WebPage","@id":"https:\/\/www.nefistav.sk\/?page_id=237","url":"https:\/\/www.nefistav.sk\/?page_id=237","name":"Vernostn\u00fd program -","isPartOf":{"@id":"https:\/\/www.nefistav.sk\/#website"},"primaryImageOfPage":{"@id":"https:\/\/www.nefistav.sk\/?page_id=237#primaryimage"},"image":{"@id":"https:\/\/www.nefistav.sk\/?page_id=237#primaryimage"},"thumbnailUrl":"https:\/\/www.nefistav.sk\/wp-content\/uploads\/2025\/03\/plagat-s-kartickou-723x1024.jpg","datePublished":"2025-03-11T07:53:12+00:00","dateModified":"2025-03-11T07:53:13+00:00","breadcrumb":{"@id":"https:\/\/www.nefistav.sk\/?page_id=237#breadcrumb"},"inLanguage":"sk-SK","potentialAction":[{"@type":"ReadAction","target":["https:\/\/www.nefistav.sk\/?page_id=237"]}]},{"@type":"ImageObject","inLanguage":"sk-SK","@id":"https:\/\/www.nefistav.sk\/?page_id=237#primaryimage","url":"https:\/\/www.nefistav.sk\/wp-content\/uploads\/2025\/03\/plagat-s-kartickou.jpg","contentUrl":"https:\/\/www.nefistav.sk\/wp-content\/uploads\/2025\/03\/plagat-s-kartickou.jpg","width":1224,"height":1733,"caption":"Screenshot"},{"@type":"BreadcrumbList","@id":"https:\/\/www.nefistav.sk\/?page_id=237#breadcrumb","itemListElement":[{"@type":"ListItem","position":1,"name":"Home","item":"https:\/\/www.nefistav.sk\/"},{"@type":"ListItem","position":2,"name":"Vernostn\u00fd program"}]},{"@type":"WebSite","@id":"https:\/\/www.nefistav.sk\/#website","url":"https:\/\/www.nefistav.sk\/","name":"","description":"V\u00e1\u0161 stavebn\u00fd partner ...","potentialAction":[{"@type":"SearchAction","target":{"@type":"EntryPoint","urlTemplate":"https:\/\/www.nefistav.sk\/?s={search_term_string}"},"query-input":{"@type":"PropertyValueSpecification","valueRequired":true,"valueName":"search_term_string"}}],"inLanguage":"sk-SK"}]}},"jetpack_sharing_enabled":true,"_links":{"self":[{"href":"https:\/\/www.nefistav.sk\/index.php?rest_route=\/wp\/v2\/pages\/237","targetHints":{"allow":["GET"]}}],"collection":[{"href":"https:\/\/www.nefistav.sk\/index.php?rest_route=\/wp\/v2\/pages"}],"about":[{"href":"https:\/\/www.nefistav.sk\/index.php?rest_route=\/wp\/v2\/types\/page"}],"author":[{"embeddable":true,"href":"https:\/\/www.nefistav.sk\/index.php?rest_route=\/wp\/v2\/users\/1"}],"replies":[{"embeddable":true,"href":"https:\/\/www.nefistav.sk\/index.php?rest_route=%2Fwp%2Fv2%2Fcomments&post=237"}],"version-history":[{"count":1,"href":"https:\/\/www.nefistav.sk\/index.php?rest_route=\/wp\/v2\/pages\/237\/revisions"}],"predecessor-version":[{"id":239,"href":"https:\/\/www.nefistav.sk\/index.php?rest_route=\/wp\/v2\/pages\/237\/revisions\/239"}],"wp:attachment":[{"href":"https:\/\/www.nefistav.sk\/index.php?rest_route=%2Fwp%2Fv2%2Fmedia&parent=237"}],"curies":[{"name":"wp","href":"https:\/\/api.w.org\/{rel}","templated":true}]}}