{"id":10,"date":"2019-04-15T15:16:21","date_gmt":"2019-04-15T14:16:21","guid":{"rendered":"http:\/\/www.nefistav.sk\/?page_id=10"},"modified":"2022-05-23T11:53:45","modified_gmt":"2022-05-23T10:53:45","slug":"kontakt","status":"publish","type":"page","link":"https:\/\/www.nefistav.sk\/?page_id=10","title":{"rendered":"Kontakt"},"content":{"rendered":"<h5>\u00a0<\/h5>\n<h5><span style=\"text-decoration: underline;\">Kontakt:<\/span><br \/><strong><span style=\"color: #dbdbdb;\">Predaj\u0148a: +421 910 221 916<br \/>Henrich Nociar: +421 917 217 100<\/span><\/strong><br \/><strong><span style=\"color: #dbdbdb;\">Danica Nociarov\u00e1: +421 915 474 809<\/span><\/strong><\/h5>\n<h5 style=\"text-align: left;\"><span style=\"text-decoration: underline; color: #dbdbdb;\">\u00dadaje o\u00a0spolo\u010dnosti:<br \/><\/span><span style=\"color: #dbdbdb;\">NE-FI stav, s. r. o.<\/span><br \/><span style=\"color: #dbdbdb;\"><strong>\u017delezni\u010dn\u00e1 277, 987 01 Polt\u00e1r<\/strong><\/span><br \/><span style=\"color: #dbdbdb;\"><strong>I\u010cO 52 252 655, DI\u010c 2120954088<\/strong><\/span><br \/><span style=\"color: #dbdbdb;\"><strong>Spolo\u010dnos\u0165 zap\u00edsan\u00e1 v\u00a0OR Okresn\u00e9ho s\u00fadu Bansk\u00e1 Bystrica Oddiel Sro, Vlo\u017eka \u010d. 36071\/S<\/strong><\/span><\/h5>\n\n\n<h2 class=\"wp-block-heading\">Kde n\u00e1s n\u00e1jdete &#8230;<\/h2>\n\n\n<div id=\"wpgmza_map\" class=\"wpgmza_map\" data-settings='{\"id\":\"1\",\"map_title\":\"NE-FI\",\"map_width\":\"100\",\"map_height\":\"400\",\"map_start_lat\":\"48.428970021076566\",\"map_start_lng\":\"19.795109402054283\",\"map_start_location\":\"45.950464398418106,-109.81550500000003\",\"map_start_zoom\":\"15\",\"default_marker\":\"\",\"type\":\"0\",\"alignment\":\"4\",\"directions_enabled\":\"0\",\"styling_enabled\":\"0\",\"styling_json\":\"\",\"active\":\"0\",\"kml\":\"\",\"bicycle\":\"0\",\"traffic\":\"0\",\"dbox\":\"0\",\"dbox_width\":\"\",\"listmarkers\":\"0\",\"listmarkers_advanced\":\"0\",\"filterbycat\":\"0\",\"ugm_enabled\":\"0\",\"ugm_category_enabled\":\"0\",\"fusion\":\"\",\"map_width_type\":\"%\",\"map_height_type\":\"px\",\"mass_marker_support\":\"0\",\"ugm_access\":\"0\",\"order_markers_by\":\"0\",\"order_markers_choice\":\"0\",\"show_user_location\":\"0\",\"default_to\":\"\",\"other_settings\":{\"map_type\":1,\"sl_stroke_color\":\"\",\"sl_fill_color\":\"\",\"sl_stroke_opacity\":\"\",\"sl_fill_opacity\":\"\",\"transport_layer\":false,\"action\":\"wpgmza_save_map\",\"redirect_to\":\"\\\/wp-admin\\\/admin-post.php\",\"map_id\":\"1\",\"http_referer\":\"\\\/wp-admin\\\/admin.php?page=wp-google-maps-menu&amp;amp;override=1&amp;amp;action=edit&amp;amp;map_id=1\",\"wpgmza_id\":\"1\",\"wpgmza_start_location\":\"48.428970021076566,19.795109402054283\",\"wpgmza_start_zoom\":\"18\",\"store_locator_enabled\":false,\"store_locator_search_area\":\"radial\",\"wpgmza_store_locator_radius_style\":\"legacy\",\"wpgmza_store_locator_default_radius\":\"10\",\"store_locator_auto_area_max_zoom\":\"\",\"store_locator_distance\":false,\"wpgmza_store_locator_position\":false,\"store_locator_show_distance\":false,\"store_locator_category\":false,\"wpgmza_store_locator_use_their_location\":false,\"wpgmza_store_locator_bounce\":false,\"wpgmza_sl_animation\":null,\"wpgmza_store_locator_hide_before_search\":false,\"store_locator_query_string\":\"\",\"store_locator_default_address\":\"\",\"store_locator_name_search\":false,\"store_locator_name_string\":\"\",\"store_locator_not_found_message\":\"\",\"wpgmza_map_align\":\"1\",\"jump_to_nearest_marker_on_initialization\":false,\"automatically_pan_to_users_location\":false,\"override_users_location_zoom_level\":false,\"override_users_location_zoom_levels\":\"\",\"show_distance_from_location\":false,\"map_max_zoom\":\"21\",\"map_min_zoom\":\"0\",\"click_open_link\":false,\"fit_maps_bounds_to_markers\":false,\"fit_maps_bounds_to_markers_after_filtering\":false,\"hide_point_of_interest\":false,\"wpgmza_zoom_on_marker_click\":false,\"wpgmza_zoom_on_marker_click_slider\":\"\",\"close_infowindow_on_map_click\":false,\"disable_lightbox_images\":false,\"use_Raw_Jpeg_Coordinates\":false,\"disable_polygon_info_windows\":false,\"enable_marker_ratings\":false,\"only_load_markers_within_viewport\":false,\"iw_primary_color\":\"\",\"iw_accent_color\":\"\",\"iw_text_color\":\"\",\"wpgmza_listmarkers_by\":\"0\",\"wpgmza_marker_listing_position\":false,\"zoom_level_on_marker_listing_override\":false,\"zoom_level_on_marker_listing_click\":\"\",\"datatable_no_result_message\":\"\",\"remove_search_box_datables\":false,\"dataTable_pagination_style\":null,\"datatable_search_string\":\"\",\"datatable_result_start\":\"\",\"datatable_result_of\":\"\",\"datatable_result_to\":\"\",\"datatable_result_total\":\"\",\"datatable_result_show\":\"\",\"datatable_result_entries\":\"\",\"wpgmza_savemap\":\"Ulo\\u017ei\\u0165 mapu \\u00bb\"}}' data-map-id='1' Data-maps-engine='open-layers' data-shortcode-attributes='{\"id\":\"1\"}' style=\"display:block; overflow:auto; width:100%; height:400px; float:left;\"><\/div>\n\n\n<div data-wp-interactive=\"core\/file\" class=\"wp-block-file\"><object data-wp-bind--hidden=\"!state.hasPdfPreview\" hidden class=\"wp-block-file__embed\" data=\"https:\/\/www.nefistav.sk\/wp-content\/uploads\/2022\/05\/GDPR-Zasady-spracovania-....pdf\" type=\"application\/pdf\" style=\"width:100%;height:600px\" aria-label=\"Vlo\u017ei\u0165 Vlo\u017ei\u0165 GDPR-Zasady-spracovania-.....\"><\/object><a id=\"wp-block-file--media-d921bc31-e5a5-4385-9d86-26388f1d0f91\" href=\"https:\/\/www.nefistav.sk\/wp-content\/uploads\/2022\/05\/GDPR-Zasady-spracovania-....pdf\">GDPR-Zasady-spracovania-&#8230;<\/a><a href=\"https:\/\/www.nefistav.sk\/wp-content\/uploads\/2022\/05\/GDPR-Zasady-spracovania-....pdf\" class=\"wp-block-file__button\" download aria-describedby=\"wp-block-file--media-d921bc31-e5a5-4385-9d86-26388f1d0f91\">Stiahnu\u0165<\/a><\/div>\n\n\n\n<div data-wp-interactive=\"core\/file\" class=\"wp-block-file\"><object data-wp-bind--hidden=\"!state.hasPdfPreview\" hidden class=\"wp-block-file__embed\" data=\"https:\/\/www.nefistav.sk\/wp-content\/uploads\/2022\/05\/Suhlas-dotknutej-osobyMarketing.pdf\" type=\"application\/pdf\" style=\"width:100%;height:600px\" aria-label=\"Vlo\u017ei\u0165 Vlo\u017ei\u0165 Suhlas-dotknutej-osobyMarketing..\"><\/object><a id=\"wp-block-file--media-8e6bde56-48ca-4028-a16e-984c3b20af5d\" href=\"https:\/\/www.nefistav.sk\/wp-content\/uploads\/2022\/05\/Suhlas-dotknutej-osobyMarketing.pdf\">Suhlas-dotknutej-osobyMarketing<\/a><a href=\"https:\/\/www.nefistav.sk\/wp-content\/uploads\/2022\/05\/Suhlas-dotknutej-osobyMarketing.pdf\" class=\"wp-block-file__button\" download aria-describedby=\"wp-block-file--media-8e6bde56-48ca-4028-a16e-984c3b20af5d\">Stiahnu\u0165<\/a><\/div>\n","protected":false},"excerpt":{"rendered":"<p>\u00a0 Kontakt:Predaj\u0148a: +421 910 221 916Henrich Nociar: +421 917 217 100Danica Nociarov\u00e1: +421 915 474 809 \u00dadaje o\u00a0spolo\u010dnosti:NE-FI stav, s. r. o.\u017delezni\u010dn\u00e1 277, 987 01 Polt\u00e1rI\u010cO 52 252 655, DI\u010c 2120954088Spolo\u010dnos\u0165 zap\u00edsan\u00e1 v\u00a0OR Okresn\u00e9ho s\u00fadu Bansk\u00e1 Bystrica Oddiel Sro, Vlo\u017eka \u010d. 36071\/S Kde n\u00e1s n\u00e1jdete &#8230;<\/p>\n","protected":false},"author":1,"featured_media":0,"parent":0,"menu_order":0,"comment_status":"closed","ping_status":"closed","template":"","meta":{"footnotes":""},"class_list":["post-10","page","type-page","status-publish","hentry"],"yoast_head":"<!-- This site is optimized with the Yoast SEO plugin v26.8 - https:\/\/yoast.com\/product\/yoast-seo-wordpress\/ -->\n<title>Kontakt -<\/title>\n<meta name=\"robots\" content=\"index, follow, max-snippet:-1, max-image-preview:large, max-video-preview:-1\" \/>\n<link rel=\"canonical\" href=\"https:\/\/www.nefistav.sk\/?page_id=10\" \/>\n<meta property=\"og:locale\" content=\"sk_SK\" \/>\n<meta property=\"og:type\" content=\"article\" \/>\n<meta property=\"og:title\" content=\"Kontakt -\" \/>\n<meta property=\"og:description\" content=\"\u00a0 Kontakt:Predaj\u0148a: +421 910 221 916Henrich Nociar: +421 917 217 100Danica Nociarov\u00e1: +421 915 474 809 \u00dadaje o\u00a0spolo\u010dnosti:NE-FI stav, s. r. o.\u017delezni\u010dn\u00e1 277, 987 01 Polt\u00e1rI\u010cO 52 252 655, DI\u010c 2120954088Spolo\u010dnos\u0165 zap\u00edsan\u00e1 v\u00a0OR Okresn\u00e9ho s\u00fadu Bansk\u00e1 Bystrica Oddiel Sro, Vlo\u017eka \u010d. 36071\/S Kde n\u00e1s n\u00e1jdete &#8230;\" \/>\n<meta property=\"og:url\" content=\"https:\/\/www.nefistav.sk\/?page_id=10\" \/>\n<meta property=\"article:modified_time\" content=\"2022-05-23T10:53:45+00:00\" \/>\n<meta name=\"twitter:card\" content=\"summary_large_image\" \/>\n<meta name=\"twitter:label1\" content=\"Predpokladan\u00fd \u010das \u010d\u00edtania\" \/>\n\t<meta name=\"twitter:data1\" content=\"1 min\u00fata\" \/>\n<script type=\"application\/ld+json\" class=\"yoast-schema-graph\">{\"@context\":\"https:\/\/schema.org\",\"@graph\":[{\"@type\":\"WebPage\",\"@id\":\"https:\/\/www.nefistav.sk\/?page_id=10\",\"url\":\"https:\/\/www.nefistav.sk\/?page_id=10\",\"name\":\"Kontakt -\",\"isPartOf\":{\"@id\":\"https:\/\/www.nefistav.sk\/#website\"},\"datePublished\":\"2019-04-15T14:16:21+00:00\",\"dateModified\":\"2022-05-23T10:53:45+00:00\",\"breadcrumb\":{\"@id\":\"https:\/\/www.nefistav.sk\/?page_id=10#breadcrumb\"},\"inLanguage\":\"sk-SK\",\"potentialAction\":[{\"@type\":\"ReadAction\",\"target\":[\"https:\/\/www.nefistav.sk\/?page_id=10\"]}]},{\"@type\":\"BreadcrumbList\",\"@id\":\"https:\/\/www.nefistav.sk\/?page_id=10#breadcrumb\",\"itemListElement\":[{\"@type\":\"ListItem\",\"position\":1,\"name\":\"Home\",\"item\":\"https:\/\/www.nefistav.sk\/\"},{\"@type\":\"ListItem\",\"position\":2,\"name\":\"Kontakt\"}]},{\"@type\":\"WebSite\",\"@id\":\"https:\/\/www.nefistav.sk\/#website\",\"url\":\"https:\/\/www.nefistav.sk\/\",\"name\":\"\",\"description\":\"V\u00e1\u0161 stavebn\u00fd partner ...\",\"potentialAction\":[{\"@type\":\"SearchAction\",\"target\":{\"@type\":\"EntryPoint\",\"urlTemplate\":\"https:\/\/www.nefistav.sk\/?s={search_term_string}\"},\"query-input\":{\"@type\":\"PropertyValueSpecification\",\"valueRequired\":true,\"valueName\":\"search_term_string\"}}],\"inLanguage\":\"sk-SK\"}]}<\/script>\n<!-- \/ Yoast SEO plugin. -->","yoast_head_json":{"title":"Kontakt -","robots":{"index":"index","follow":"follow","max-snippet":"max-snippet:-1","max-image-preview":"max-image-preview:large","max-video-preview":"max-video-preview:-1"},"canonical":"https:\/\/www.nefistav.sk\/?page_id=10","og_locale":"sk_SK","og_type":"article","og_title":"Kontakt -","og_description":"\u00a0 Kontakt:Predaj\u0148a: +421 910 221 916Henrich Nociar: +421 917 217 100Danica Nociarov\u00e1: +421 915 474 809 \u00dadaje o\u00a0spolo\u010dnosti:NE-FI stav, s. r. o.\u017delezni\u010dn\u00e1 277, 987 01 Polt\u00e1rI\u010cO 52 252 655, DI\u010c 2120954088Spolo\u010dnos\u0165 zap\u00edsan\u00e1 v\u00a0OR Okresn\u00e9ho s\u00fadu Bansk\u00e1 Bystrica Oddiel Sro, Vlo\u017eka \u010d. 36071\/S Kde n\u00e1s n\u00e1jdete &#8230;","og_url":"https:\/\/www.nefistav.sk\/?page_id=10","article_modified_time":"2022-05-23T10:53:45+00:00","twitter_card":"summary_large_image","twitter_misc":{"Predpokladan\u00fd \u010das \u010d\u00edtania":"1 min\u00fata"},"schema":{"@context":"https:\/\/schema.org","@graph":[{"@type":"WebPage","@id":"https:\/\/www.nefistav.sk\/?page_id=10","url":"https:\/\/www.nefistav.sk\/?page_id=10","name":"Kontakt -","isPartOf":{"@id":"https:\/\/www.nefistav.sk\/#website"},"datePublished":"2019-04-15T14:16:21+00:00","dateModified":"2022-05-23T10:53:45+00:00","breadcrumb":{"@id":"https:\/\/www.nefistav.sk\/?page_id=10#breadcrumb"},"inLanguage":"sk-SK","potentialAction":[{"@type":"ReadAction","target":["https:\/\/www.nefistav.sk\/?page_id=10"]}]},{"@type":"BreadcrumbList","@id":"https:\/\/www.nefistav.sk\/?page_id=10#breadcrumb","itemListElement":[{"@type":"ListItem","position":1,"name":"Home","item":"https:\/\/www.nefistav.sk\/"},{"@type":"ListItem","position":2,"name":"Kontakt"}]},{"@type":"WebSite","@id":"https:\/\/www.nefistav.sk\/#website","url":"https:\/\/www.nefistav.sk\/","name":"","description":"V\u00e1\u0161 stavebn\u00fd partner ...","potentialAction":[{"@type":"SearchAction","target":{"@type":"EntryPoint","urlTemplate":"https:\/\/www.nefistav.sk\/?s={search_term_string}"},"query-input":{"@type":"PropertyValueSpecification","valueRequired":true,"valueName":"search_term_string"}}],"inLanguage":"sk-SK"}]}},"jetpack_sharing_enabled":true,"_links":{"self":[{"href":"https:\/\/www.nefistav.sk\/index.php?rest_route=\/wp\/v2\/pages\/10","targetHints":{"allow":["GET"]}}],"collection":[{"href":"https:\/\/www.nefistav.sk\/index.php?rest_route=\/wp\/v2\/pages"}],"about":[{"href":"https:\/\/www.nefistav.sk\/index.php?rest_route=\/wp\/v2\/types\/page"}],"author":[{"embeddable":true,"href":"https:\/\/www.nefistav.sk\/index.php?rest_route=\/wp\/v2\/users\/1"}],"replies":[{"embeddable":true,"href":"https:\/\/www.nefistav.sk\/index.php?rest_route=%2Fwp%2Fv2%2Fcomments&post=10"}],"version-history":[{"count":8,"href":"https:\/\/www.nefistav.sk\/index.php?rest_route=\/wp\/v2\/pages\/10\/revisions"}],"predecessor-version":[{"id":219,"href":"https:\/\/www.nefistav.sk\/index.php?rest_route=\/wp\/v2\/pages\/10\/revisions\/219"}],"wp:attachment":[{"href":"https:\/\/www.nefistav.sk\/index.php?rest_route=%2Fwp%2Fv2%2Fmedia&parent=10"}],"curies":[{"name":"wp","href":"https:\/\/api.w.org\/{rel}","templated":true}]}}